{"id":3815,"date":"2025-12-02T19:21:29","date_gmt":"2025-12-02T18:21:29","guid":{"rendered":"https:\/\/www.oliocerrosughero.it\/?post_type=product&#038;p=3815"},"modified":"2026-05-15T12:49:29","modified_gmt":"2026-05-15T10:49:29","slug":"olive-grove-experience-tour-with-picnic-and-visit-to-the-oil-mill","status":"publish","type":"product","link":"https:\/\/www.oliocerrosughero.it\/en\/olio\/tour-esperienza-in-oliveto-con-pic-nic-e-visita-in-frantoio\/","title":{"rendered":"Olive Grove Experience Tour with Picnic and Visit to the Oil Mill"},"content":{"rendered":"<p data-start=\"155\" data-end=\"242\"><strong data-start=\"155\" data-end=\"242\">Tasting tour at the Cerrosughero oil mill in <span class=\"hover:entity-accent entity-underline inline cursor-pointer align-baseline\"><span class=\"whitespace-normal\">Laura De Parri<\/span><\/span><\/strong><\/p>\n<p data-start=\"244\" data-end=\"541\">Un\u2019esperienza autentica tra natura, gusto e tradizione, nel cuore della Tuscia.<br data-start=\"323\" data-end=\"326\" \/>L&#039;<strong data-start=\"328\" data-end=\"386\">Olive Grove Experience with Picnic and Visit to the Oil Mill<\/strong> \u00e8 molto pi\u00f9 di un semplice tour: \u00e8 un viaggio sensoriale tra gli olivi secolari, i profumi della campagna e i sapori veri dell\u2019olio extravergine di oliva.<\/p>\n<p data-start=\"543\" data-end=\"757\"><strong data-start=\"546\" data-end=\"577\">Walk among the Olive Groves<\/strong><br data-start=\"577\" data-end=\"580\" \/>Accompagnati da chi l\u2019olio lo vive ogni giorno, scoprirete i segreti della coltivazione, della raccolta e della cura degli olivi, immersi in un paesaggio autentico e suggestivo.<\/p>\n<p data-start=\"759\" data-end=\"1003\"><strong data-start=\"762\" data-end=\"784\">Visit to the oil mill<\/strong><br data-start=\"784\" data-end=\"787\" \/>Entrerete nel cuore produttivo del frantoio per conoscere da vicino tutte le fasi della trasformazione delle olive in olio EVO di alta qualit\u00e0. Un racconto fatto di passione, innovazione e rispetto per la tradizione.<\/p>\n<p data-start=\"1005\" data-end=\"1202\"><strong data-start=\"1008\" data-end=\"1032\">Guided Tasting<\/strong><br data-start=\"1032\" data-end=\"1035\" \/>Assaggerete l\u2019olio extravergine Cerrosughero con pane locale, imparando a riconoscerne profumi, gusto e caratteristiche attraverso una vera esperienza di degustazione.<\/p>\n<p data-start=\"1204\" data-end=\"1448\"><strong data-start=\"1207\" data-end=\"1232\">Picnic among the olive trees<\/strong> <em data-start=\"1233\" data-end=\"1260\">(April and May only)<\/em><br data-start=\"1260\" data-end=\"1263\" \/>The tour ends with a moment of pure relaxation: a <strong data-start=\"1316\" data-end=\"1341\">picnic among the olive trees<\/strong>, in un\u2019atmosfera elegante e informale, per gustare prodotti tipici del territorio circondati dalla natura.<\/p>\n<p data-start=\"1450\" data-end=\"1531\"><strong data-start=\"1453\" data-end=\"1477\">Costo: 30\u20ac a persona<\/strong><br data-start=\"1477\" data-end=\"1480\" \/><strong data-start=\"1483\" data-end=\"1531\">Available only in the months of April and May<\/strong><\/p>\n<p data-start=\"1533\" data-end=\"1708\">Un\u2019esperienza perfetta per coppie, famiglie, gruppi di amici, turisti e amanti dell\u2019enogastronomia che desiderano vivere il territorio in modo autentico, lento e coinvolgente.<\/p>","protected":false},"excerpt":{"rendered":"<p>Tour degustazione al Frantoio Cerrosughero di Laura De Parri Un\u2019esperienza autentica tra natura, gusto e tradizione, nel cuore della Tuscia.L\u2019Esperienza in Oliveto con Pic Nic e Visita in Frantoio \u00e8 molto pi\u00f9 di un semplice tour: \u00e8 un viaggio sensoriale tra gli olivi secolari, i profumi della campagna e i sapori veri dell\u2019olio extravergine di [&hellip;]<\/p>\n","protected":false},"featured_media":4459,"template":"","meta":[],"product_brand":[],"product_cat":[56],"product_tag":[],"class_list":{"0":"post-3815","1":"product","2":"type-product","3":"status-publish","4":"has-post-thumbnail","6":"product_cat-eventi","7":"bookacti-activity","9":"first","10":"instock","11":"virtual","12":"taxable","13":"purchasable","14":"product-type-simple","15":"add-to-wishlist-after_add_to_cart"},"yoast_head":"<!-- This site is optimized with the Yoast SEO plugin v27.6 - https:\/\/yoast.com\/product\/yoast-seo-wordpress\/ -->\n<title>Tour Olio EVO e Pic Nic tra gli Olivi | Olio Cerrosughero<\/title>\n<meta name=\"description\" content=\"Passeggiata tra oliveti secolari, visita al frantoio e degustazione guidata di olio. Goditi un esclusivo pic nic tra gli olivi con prodotti tipici locali.\" \/>\n<meta name=\"robots\" content=\"index, follow, max-snippet:-1, max-image-preview:large, max-video-preview:-1\" \/>\n<link rel=\"canonical\" href=\"https:\/\/www.oliocerrosughero.it\/en\/oil\/olive-grove-experience-tour-with-picnic-and-visit-to-the-oil-mill\/\" \/>\n<meta property=\"og:locale\" content=\"en_GB\" \/>\n<meta property=\"og:type\" content=\"article\" \/>\n<meta property=\"og:title\" content=\"Tour Olio EVO e Pic Nic tra gli Olivi | Olio Cerrosughero\" \/>\n<meta property=\"og:description\" content=\"Passeggiata tra oliveti secolari, visita al frantoio e degustazione guidata di olio. Goditi un esclusivo pic nic tra gli olivi con prodotti tipici locali.\" \/>\n<meta property=\"og:url\" content=\"https:\/\/www.oliocerrosughero.it\/en\/oil\/olive-grove-experience-tour-with-picnic-and-visit-to-the-oil-mill\/\" \/>\n<meta property=\"og:site_name\" content=\"Olio Cerrosughero\" \/>\n<meta property=\"article:publisher\" content=\"https:\/\/www.facebook.com\/OlioCerrosugheroDiLauraDeParri\/\" \/>\n<meta property=\"article:modified_time\" content=\"2026-05-15T10:49:29+00:00\" \/>\n<meta property=\"og:image\" content=\"https:\/\/www.oliocerrosughero.it\/wp-content\/uploads\/2026\/05\/picnic-in-oliveto.jpeg\" \/>\n\t<meta property=\"og:image:width\" content=\"1024\" \/>\n\t<meta property=\"og:image:height\" content=\"1024\" \/>\n\t<meta property=\"og:image:type\" content=\"image\/jpeg\" \/>\n<meta name=\"twitter:card\" content=\"summary_large_image\" \/>\n<meta name=\"twitter:label1\" content=\"Estimated reading time\" \/>\n\t<meta name=\"twitter:data1\" content=\"2 minutes\" \/>\n<script type=\"application\/ld+json\" class=\"yoast-schema-graph\">{\"@context\":\"https:\\\/\\\/schema.org\",\"@graph\":[{\"@type\":\"WebPage\",\"@id\":\"https:\\\/\\\/www.oliocerrosughero.it\\\/olio\\\/tour-esperienza-in-oliveto-con-pic-nic-e-visita-in-frantoio\\\/\",\"url\":\"https:\\\/\\\/www.oliocerrosughero.it\\\/olio\\\/tour-esperienza-in-oliveto-con-pic-nic-e-visita-in-frantoio\\\/\",\"name\":\"Tour Olio EVO e Pic Nic tra gli Olivi | Olio Cerrosughero\",\"isPartOf\":{\"@id\":\"https:\\\/\\\/www.oliocerrosughero.it\\\/#website\"},\"primaryImageOfPage\":{\"@id\":\"https:\\\/\\\/www.oliocerrosughero.it\\\/olio\\\/tour-esperienza-in-oliveto-con-pic-nic-e-visita-in-frantoio\\\/#primaryimage\"},\"image\":{\"@id\":\"https:\\\/\\\/www.oliocerrosughero.it\\\/olio\\\/tour-esperienza-in-oliveto-con-pic-nic-e-visita-in-frantoio\\\/#primaryimage\"},\"thumbnailUrl\":\"https:\\\/\\\/www.oliocerrosughero.it\\\/wp-content\\\/uploads\\\/2026\\\/05\\\/picnic-in-oliveto.jpeg\",\"datePublished\":\"2025-12-02T18:21:29+00:00\",\"dateModified\":\"2026-05-15T10:49:29+00:00\",\"description\":\"Passeggiata tra oliveti secolari, visita al frantoio e degustazione guidata di olio. Goditi un esclusivo pic nic tra gli olivi con prodotti tipici locali.\",\"breadcrumb\":{\"@id\":\"https:\\\/\\\/www.oliocerrosughero.it\\\/olio\\\/tour-esperienza-in-oliveto-con-pic-nic-e-visita-in-frantoio\\\/#breadcrumb\"},\"inLanguage\":\"en-GB\",\"potentialAction\":[{\"@type\":\"ReadAction\",\"target\":[\"https:\\\/\\\/www.oliocerrosughero.it\\\/olio\\\/tour-esperienza-in-oliveto-con-pic-nic-e-visita-in-frantoio\\\/\"]}]},{\"@type\":\"ImageObject\",\"inLanguage\":\"en-GB\",\"@id\":\"https:\\\/\\\/www.oliocerrosughero.it\\\/olio\\\/tour-esperienza-in-oliveto-con-pic-nic-e-visita-in-frantoio\\\/#primaryimage\",\"url\":\"https:\\\/\\\/www.oliocerrosughero.it\\\/wp-content\\\/uploads\\\/2026\\\/05\\\/picnic-in-oliveto.jpeg\",\"contentUrl\":\"https:\\\/\\\/www.oliocerrosughero.it\\\/wp-content\\\/uploads\\\/2026\\\/05\\\/picnic-in-oliveto.jpeg\",\"width\":1024,\"height\":1024},{\"@type\":\"BreadcrumbList\",\"@id\":\"https:\\\/\\\/www.oliocerrosughero.it\\\/olio\\\/tour-esperienza-in-oliveto-con-pic-nic-e-visita-in-frantoio\\\/#breadcrumb\",\"itemListElement\":[{\"@type\":\"ListItem\",\"position\":1,\"name\":\"Home\",\"item\":\"https:\\\/\\\/www.oliocerrosughero.it\\\/\"},{\"@type\":\"ListItem\",\"position\":2,\"name\":\"Shop\",\"item\":\"https:\\\/\\\/www.oliocerrosughero.it\\\/shop\\\/\"},{\"@type\":\"ListItem\",\"position\":3,\"name\":\"Tour Esperienza in Oliveto con Pic Nic e visita in frantoio\"}]},{\"@type\":\"WebSite\",\"@id\":\"https:\\\/\\\/www.oliocerrosughero.it\\\/#website\",\"url\":\"https:\\\/\\\/www.oliocerrosughero.it\\\/\",\"name\":\"Olio Cerrosughero\",\"description\":\"Un nuovo sito targato WordPress\",\"publisher\":{\"@id\":\"https:\\\/\\\/www.oliocerrosughero.it\\\/#organization\"},\"potentialAction\":[{\"@type\":\"SearchAction\",\"target\":{\"@type\":\"EntryPoint\",\"urlTemplate\":\"https:\\\/\\\/www.oliocerrosughero.it\\\/?s={search_term_string}\"},\"query-input\":{\"@type\":\"PropertyValueSpecification\",\"valueRequired\":true,\"valueName\":\"search_term_string\"}}],\"inLanguage\":\"en-GB\"},{\"@type\":\"Organization\",\"@id\":\"https:\\\/\\\/www.oliocerrosughero.it\\\/#organization\",\"name\":\"Olio Cerrosughero Canino di Laura De Parri\",\"url\":\"https:\\\/\\\/www.oliocerrosughero.it\\\/\",\"logo\":{\"@type\":\"ImageObject\",\"inLanguage\":\"en-GB\",\"@id\":\"https:\\\/\\\/www.oliocerrosughero.it\\\/#\\\/schema\\\/logo\\\/image\\\/\",\"url\":\"https:\\\/\\\/www.oliocerrosughero.it\\\/wp-content\\\/uploads\\\/2020\\\/11\\\/logo-mail-cerrosughero.jpg\",\"contentUrl\":\"https:\\\/\\\/www.oliocerrosughero.it\\\/wp-content\\\/uploads\\\/2020\\\/11\\\/logo-mail-cerrosughero.jpg\",\"width\":253,\"height\":121,\"caption\":\"Olio Cerrosughero Canino di Laura De Parri\"},\"image\":{\"@id\":\"https:\\\/\\\/www.oliocerrosughero.it\\\/#\\\/schema\\\/logo\\\/image\\\/\"},\"sameAs\":[\"https:\\\/\\\/www.facebook.com\\\/OlioCerrosugheroDiLauraDeParri\\\/\"]}]}<\/script>\n<!-- \/ Yoast SEO plugin. -->","yoast_head_json":{"title":"Extra Virgin Olive Oil Tour and Picnic Among the Olive Trees | Olio Cerrosughero","description":"Stroll through centuries-old olive groves, visit the olive oil mill, and enjoy a guided oil tasting. Enjoy an exclusive picnic among the olive trees with typical local products.","robots":{"index":"index","follow":"follow","max-snippet":"max-snippet:-1","max-image-preview":"max-image-preview:large","max-video-preview":"max-video-preview:-1"},"canonical":"https:\/\/www.oliocerrosughero.it\/en\/oil\/olive-grove-experience-tour-with-picnic-and-visit-to-the-oil-mill\/","og_locale":"en_GB","og_type":"article","og_title":"Tour Olio EVO e Pic Nic tra gli Olivi | Olio Cerrosughero","og_description":"Passeggiata tra oliveti secolari, visita al frantoio e degustazione guidata di olio. Goditi un esclusivo pic nic tra gli olivi con prodotti tipici locali.","og_url":"https:\/\/www.oliocerrosughero.it\/en\/oil\/olive-grove-experience-tour-with-picnic-and-visit-to-the-oil-mill\/","og_site_name":"Olio Cerrosughero","article_publisher":"https:\/\/www.facebook.com\/OlioCerrosugheroDiLauraDeParri\/","article_modified_time":"2026-05-15T10:49:29+00:00","og_image":[{"width":1024,"height":1024,"url":"https:\/\/www.oliocerrosughero.it\/wp-content\/uploads\/2026\/05\/picnic-in-oliveto.jpeg","type":"image\/jpeg"}],"twitter_card":"summary_large_image","twitter_misc":{"Estimated reading time":"2 minutes"},"schema":{"@context":"https:\/\/schema.org","@graph":[{"@type":"WebPage","@id":"https:\/\/www.oliocerrosughero.it\/olio\/tour-esperienza-in-oliveto-con-pic-nic-e-visita-in-frantoio\/","url":"https:\/\/www.oliocerrosughero.it\/olio\/tour-esperienza-in-oliveto-con-pic-nic-e-visita-in-frantoio\/","name":"Extra Virgin Olive Oil Tour and Picnic Among the Olive Trees | Olio Cerrosughero","isPartOf":{"@id":"https:\/\/www.oliocerrosughero.it\/#website"},"primaryImageOfPage":{"@id":"https:\/\/www.oliocerrosughero.it\/olio\/tour-esperienza-in-oliveto-con-pic-nic-e-visita-in-frantoio\/#primaryimage"},"image":{"@id":"https:\/\/www.oliocerrosughero.it\/olio\/tour-esperienza-in-oliveto-con-pic-nic-e-visita-in-frantoio\/#primaryimage"},"thumbnailUrl":"https:\/\/www.oliocerrosughero.it\/wp-content\/uploads\/2026\/05\/picnic-in-oliveto.jpeg","datePublished":"2025-12-02T18:21:29+00:00","dateModified":"2026-05-15T10:49:29+00:00","description":"Stroll through centuries-old olive groves, visit the olive oil mill, and enjoy a guided oil tasting. Enjoy an exclusive picnic among the olive trees with typical local products.","breadcrumb":{"@id":"https:\/\/www.oliocerrosughero.it\/olio\/tour-esperienza-in-oliveto-con-pic-nic-e-visita-in-frantoio\/#breadcrumb"},"inLanguage":"en-GB","potentialAction":[{"@type":"ReadAction","target":["https:\/\/www.oliocerrosughero.it\/olio\/tour-esperienza-in-oliveto-con-pic-nic-e-visita-in-frantoio\/"]}]},{"@type":"ImageObject","inLanguage":"en-GB","@id":"https:\/\/www.oliocerrosughero.it\/olio\/tour-esperienza-in-oliveto-con-pic-nic-e-visita-in-frantoio\/#primaryimage","url":"https:\/\/www.oliocerrosughero.it\/wp-content\/uploads\/2026\/05\/picnic-in-oliveto.jpeg","contentUrl":"https:\/\/www.oliocerrosughero.it\/wp-content\/uploads\/2026\/05\/picnic-in-oliveto.jpeg","width":1024,"height":1024},{"@type":"BreadcrumbList","@id":"https:\/\/www.oliocerrosughero.it\/olio\/tour-esperienza-in-oliveto-con-pic-nic-e-visita-in-frantoio\/#breadcrumb","itemListElement":[{"@type":"ListItem","position":1,"name":"Home","item":"https:\/\/www.oliocerrosughero.it\/"},{"@type":"ListItem","position":2,"name":"Shop","item":"https:\/\/www.oliocerrosughero.it\/shop\/"},{"@type":"ListItem","position":3,"name":"Tour Esperienza in Oliveto con Pic Nic e visita in frantoio"}]},{"@type":"WebSite","@id":"https:\/\/www.oliocerrosughero.it\/#website","url":"https:\/\/www.oliocerrosughero.it\/","name":"Cerrosughero oil","description":"A new WordPress site","publisher":{"@id":"https:\/\/www.oliocerrosughero.it\/#organization"},"potentialAction":[{"@type":"SearchAction","target":{"@type":"EntryPoint","urlTemplate":"https:\/\/www.oliocerrosughero.it\/?s={search_term_string}"},"query-input":{"@type":"PropertyValueSpecification","valueRequired":true,"valueName":"search_term_string"}}],"inLanguage":"en-GB"},{"@type":"Organization","@id":"https:\/\/www.oliocerrosughero.it\/#organization","name":"Cerrosughero Canino oil by Laura De Parri","url":"https:\/\/www.oliocerrosughero.it\/","logo":{"@type":"ImageObject","inLanguage":"en-GB","@id":"https:\/\/www.oliocerrosughero.it\/#\/schema\/logo\/image\/","url":"https:\/\/www.oliocerrosughero.it\/wp-content\/uploads\/2020\/11\/logo-mail-cerrosughero.jpg","contentUrl":"https:\/\/www.oliocerrosughero.it\/wp-content\/uploads\/2020\/11\/logo-mail-cerrosughero.jpg","width":253,"height":121,"caption":"Olio Cerrosughero Canino di Laura De Parri"},"image":{"@id":"https:\/\/www.oliocerrosughero.it\/#\/schema\/logo\/image\/"},"sameAs":["https:\/\/www.facebook.com\/OlioCerrosugheroDiLauraDeParri\/"]}]}},"_links":{"self":[{"href":"https:\/\/www.oliocerrosughero.it\/en\/wp-json\/wp\/v2\/product\/3815","targetHints":{"allow":["GET"]}}],"collection":[{"href":"https:\/\/www.oliocerrosughero.it\/en\/wp-json\/wp\/v2\/product"}],"about":[{"href":"https:\/\/www.oliocerrosughero.it\/en\/wp-json\/wp\/v2\/types\/product"}],"wp:featuredmedia":[{"embeddable":true,"href":"https:\/\/www.oliocerrosughero.it\/en\/wp-json\/wp\/v2\/media\/4459"}],"wp:attachment":[{"href":"https:\/\/www.oliocerrosughero.it\/en\/wp-json\/wp\/v2\/media?parent=3815"}],"wp:term":[{"taxonomy":"product_brand","embeddable":true,"href":"https:\/\/www.oliocerrosughero.it\/en\/wp-json\/wp\/v2\/product_brand?post=3815"},{"taxonomy":"product_cat","embeddable":true,"href":"https:\/\/www.oliocerrosughero.it\/en\/wp-json\/wp\/v2\/product_cat?post=3815"},{"taxonomy":"product_tag","embeddable":true,"href":"https:\/\/www.oliocerrosughero.it\/en\/wp-json\/wp\/v2\/product_tag?post=3815"}],"curies":[{"name":"wp","href":"https:\/\/api.w.org\/{rel}","templated":true}]}}